{"id":1708,"date":"2024-05-29T09:56:53","date_gmt":"2024-05-29T09:56:53","guid":{"rendered":"https:\/\/campinglavenisedelouest.com\/mensen-praten-over-ons\/"},"modified":"2025-06-05T14:36:19","modified_gmt":"2025-06-05T14:36:19","slug":"mensen-praten-over-ons","status":"publish","type":"page","link":"https:\/\/campinglavenisedelouest.com\/nl\/mensen-praten-over-ons\/","title":{"rendered":"Mensen praten over ons"},"content":{"rendered":"\n<div class=\"wp-block-stackable-heading stk-block-heading stk-block-heading--v2 stk-block stk-aee1889\" id=\"decouvrez-des-articles-de-presse-qui-parlent-du-camping\" data-block-id=\"aee1889\"><h2 class=\"stk-block-heading__text\">Lees persartikelen over de camping  <\/h2><\/div>\n\n<div class=\"wp-block-stackable-columns stk-block-columns stk-block stk-23f2ff7\" data-block-id=\"23f2ff7\"><div class=\"stk-row stk-inner-blocks stk-block-content stk-content-align stk-23f2ff7-column\">\n<div class=\"wp-block-stackable-column stk-block-column stk-column stk-block stk-3a607db\" data-v=\"4\" data-block-id=\"3a607db\"><style>@media screen and (min-width:768px){.stk-3a607db{flex:var(--stk-flex-grow,1) 1 25% !important}}<\/style><div class=\"stk-column-wrapper stk-block-column__content stk-container stk-3a607db-container stk--no-background stk--no-padding\"><div class=\"stk-block-content stk-inner-blocks stk-3a607db-inner-blocks\"><\/div><\/div><\/div>\n\n\n\n<div class=\"wp-block-stackable-column stk-block-column stk-column stk-block stk-c0c72f8\" data-v=\"4\" data-block-id=\"c0c72f8\"><style>@media screen and (min-width:768px){.stk-c0c72f8{flex:var(--stk-flex-grow,1) 1 50% !important}}<\/style><div class=\"stk-column-wrapper stk-block-column__content stk-container stk-c0c72f8-container stk--no-background stk--no-padding\"><div class=\"stk-block-content stk-inner-blocks stk-c0c72f8-inner-blocks\">\n<figure class=\"wp-block-embed aligncenter is-type-video is-provider-youtube wp-block-embed-youtube wp-embed-aspect-16-9 wp-has-aspect-ratio\" style=\"margin-right:var(--wp--preset--spacing--50);margin-left:var(--wp--preset--spacing--50)\"><div class=\"wp-block-embed__wrapper\">\n<iframe loading=\"lazy\" title=\"T\u00e9moignage : Jeanne et Romain, 22 et 23 ans, rach\u00e8tent un camping \u00e0 La Fert\u00e9-Bernard dans la Sarthe\" width=\"500\" height=\"281\" src=\"https:\/\/www.youtube.com\/embed\/hcnwaV-s1dE?feature=oembed\" frameborder=\"0\" allow=\"accelerometer; autoplay; clipboard-write; encrypted-media; gyroscope; picture-in-picture; web-share\" referrerpolicy=\"strict-origin-when-cross-origin\" allowfullscreen><\/iframe>\n<\/div><\/figure>\n<\/div><\/div><\/div>\n\n\n\n<div class=\"wp-block-stackable-column stk-block-column stk-column stk-block stk-28ba2db\" data-v=\"4\" data-block-id=\"28ba2db\"><style>@media screen and (min-width:768px){.stk-28ba2db{flex:var(--stk-flex-grow,1) 1 25% !important}}<\/style><div class=\"stk-column-wrapper stk-block-column__content stk-container stk-28ba2db-container stk--no-background stk--no-padding\"><div class=\"stk-block-content stk-inner-blocks stk-28ba2db-inner-blocks\"><\/div><\/div><\/div>\n<\/div><\/div>\n\n<div class=\"wp-block-stackable-columns stk-block-columns stk-block stk-4dcc8ee\" data-block-id=\"4dcc8ee\"><style>.stk-4dcc8ee .stk--block-align-4dcc8ee{align-items:center !important}<\/style><div class=\"stk-row stk-inner-blocks stk--block-align-4dcc8ee stk-block-content stk-content-align stk-4dcc8ee-column\">\n<div class=\"wp-block-stackable-column stk-block-column stk-column stk-block stk-31bc7e9\" data-v=\"4\" data-block-id=\"31bc7e9\"><div class=\"stk-column-wrapper stk-block-column__content stk-container stk-31bc7e9-container stk--no-background stk--no-padding\"><div class=\"stk-block-content stk-inner-blocks stk-31bc7e9-inner-blocks\">\n<div class=\"wp-block-stackable-image stk-block-image stk-block stk-8890c84\" data-block-id=\"8890c84\"><style>.stk-8890c84 .stk-img-wrapper{width:200px !important}<\/style><figure><a class=\"stk-link\" href=\"https:\/\/www.ouest-france.fr\/economie\/hotellerie\/camping\/metro-helicoptere-avion-a-22-ans-ce-couple-lance-un-camping-aux-hebergements-insolites-b0fab0f4-f7d5-11ee-99ce-03491e0281c3\" target=\"_blank\" rel=\"noreferrer noopener\"><span class=\"stk-img-wrapper stk-image--shape-stretch\"><img loading=\"lazy\" decoding=\"async\" class=\"stk-img wp-image-588\" src=\"https:\/\/campinglavenisedelouest.com\/wp-content\/uploads\/2024\/05\/1200px-Logo_Ouest-France.svg_.png\" width=\"1200\" height=\"404\" srcset=\"https:\/\/campinglavenisedelouest.com\/wp-content\/uploads\/2024\/05\/1200px-Logo_Ouest-France.svg_.png 1200w, https:\/\/campinglavenisedelouest.com\/wp-content\/uploads\/2024\/05\/1200px-Logo_Ouest-France.svg_-300x101.png 300w, https:\/\/campinglavenisedelouest.com\/wp-content\/uploads\/2024\/05\/1200px-Logo_Ouest-France.svg_-1024x345.png 1024w, https:\/\/campinglavenisedelouest.com\/wp-content\/uploads\/2024\/05\/1200px-Logo_Ouest-France.svg_-768x259.png 768w, https:\/\/campinglavenisedelouest.com\/wp-content\/uploads\/2024\/05\/1200px-Logo_Ouest-France.svg_-500x168.png 500w, https:\/\/campinglavenisedelouest.com\/wp-content\/uploads\/2024\/05\/1200px-Logo_Ouest-France.svg_-800x269.png 800w\" sizes=\"auto, (max-width: 1200px) 100vw, 1200px\" \/><\/span><\/a><\/figure><\/div>\n<\/div><\/div><\/div>\n\n\n\n<div class=\"wp-block-stackable-column stk-block-column stk-column stk-block stk-d9dd124\" data-v=\"4\" data-block-id=\"d9dd124\"><div class=\"stk-column-wrapper stk-block-column__content stk-container stk-d9dd124-container stk--no-background stk--no-padding\"><div class=\"stk-block-content stk-inner-blocks stk-d9dd124-inner-blocks\">\n<div class=\"wp-block-stackable-image stk-block-image stk-block stk-a746a21\" data-block-id=\"a746a21\"><style>.stk-a746a21 .stk-img-wrapper{width:200px !important}<\/style><figure><a class=\"stk-link\" href=\"https:\/\/www.francebleu.fr\/infos\/societe\/il-y-a-beaucoup-de-travail-mais-c-etait-un-reve-jeanne-et-romain-22-ans-rachetent-un-camping-a-la-ferte-bernard-3771810\" target=\"_blank\" rel=\"noreferrer noopener\"><span class=\"stk-img-wrapper stk-image--shape-stretch\"><img loading=\"lazy\" decoding=\"async\" class=\"stk-img wp-image-586\" src=\"https:\/\/campinglavenisedelouest.com\/wp-content\/uploads\/2024\/05\/France_Bleu_logo_2015.png\" width=\"2048\" height=\"2048\" srcset=\"https:\/\/campinglavenisedelouest.com\/wp-content\/uploads\/2024\/05\/France_Bleu_logo_2015.png 2048w, https:\/\/campinglavenisedelouest.com\/wp-content\/uploads\/2024\/05\/France_Bleu_logo_2015-300x300.png 300w, https:\/\/campinglavenisedelouest.com\/wp-content\/uploads\/2024\/05\/France_Bleu_logo_2015-1024x1024.png 1024w, https:\/\/campinglavenisedelouest.com\/wp-content\/uploads\/2024\/05\/France_Bleu_logo_2015-150x150.png 150w, https:\/\/campinglavenisedelouest.com\/wp-content\/uploads\/2024\/05\/France_Bleu_logo_2015-768x768.png 768w, https:\/\/campinglavenisedelouest.com\/wp-content\/uploads\/2024\/05\/France_Bleu_logo_2015-1536x1536.png 1536w, https:\/\/campinglavenisedelouest.com\/wp-content\/uploads\/2024\/05\/France_Bleu_logo_2015-500x500.png 500w, https:\/\/campinglavenisedelouest.com\/wp-content\/uploads\/2024\/05\/France_Bleu_logo_2015-800x800.png 800w, https:\/\/campinglavenisedelouest.com\/wp-content\/uploads\/2024\/05\/France_Bleu_logo_2015-1280x1280.png 1280w, https:\/\/campinglavenisedelouest.com\/wp-content\/uploads\/2024\/05\/France_Bleu_logo_2015-1920x1920.png 1920w\" sizes=\"auto, (max-width: 2048px) 100vw, 2048px\" \/><\/span><\/a><\/figure><\/div>\n<\/div><\/div><\/div>\n\n\n\n<div class=\"wp-block-stackable-column stk-block-column stk-column stk-block stk-559a8a1\" data-v=\"4\" data-block-id=\"559a8a1\"><div class=\"stk-column-wrapper stk-block-column__content stk-container stk-559a8a1-container stk--no-background stk--no-padding\"><div class=\"stk-block-content stk-inner-blocks stk-559a8a1-inner-blocks\">\n<div class=\"wp-block-stackable-image stk-block-image stk-block stk-9c50c4d\" data-block-id=\"9c50c4d\"><style>.stk-9c50c4d .stk-img-wrapper{width:200px !important}<\/style><figure><a class=\"stk-link\" href=\"https:\/\/actu.fr\/pays-de-la-loire\/la-ferte-bernard_72132\/a-22-ans-ce-couple-rachete-un-camping-et-reve-de-logements-insolites-helicoptere-avion-metro_60940919.html\" target=\"_blank\" rel=\"noreferrer noopener\"><span class=\"stk-img-wrapper stk-image--shape-stretch\"><img loading=\"lazy\" decoding=\"async\" class=\"stk-img wp-image-587\" src=\"https:\/\/campinglavenisedelouest.com\/wp-content\/uploads\/2024\/05\/1200px-Actu.fr_logo_2020.svg_.png\" width=\"1200\" height=\"343\" srcset=\"https:\/\/campinglavenisedelouest.com\/wp-content\/uploads\/2024\/05\/1200px-Actu.fr_logo_2020.svg_.png 1200w, https:\/\/campinglavenisedelouest.com\/wp-content\/uploads\/2024\/05\/1200px-Actu.fr_logo_2020.svg_-300x86.png 300w, https:\/\/campinglavenisedelouest.com\/wp-content\/uploads\/2024\/05\/1200px-Actu.fr_logo_2020.svg_-1024x293.png 1024w, https:\/\/campinglavenisedelouest.com\/wp-content\/uploads\/2024\/05\/1200px-Actu.fr_logo_2020.svg_-768x220.png 768w, https:\/\/campinglavenisedelouest.com\/wp-content\/uploads\/2024\/05\/1200px-Actu.fr_logo_2020.svg_-500x143.png 500w, https:\/\/campinglavenisedelouest.com\/wp-content\/uploads\/2024\/05\/1200px-Actu.fr_logo_2020.svg_-800x229.png 800w\" sizes=\"auto, (max-width: 1200px) 100vw, 1200px\" \/><\/span><\/a><\/figure><\/div>\n<\/div><\/div><\/div>\n<\/div><\/div>\n","protected":false},"excerpt":{"rendered":"<p>Lees persartikelen over de camping<\/p>\n","protected":false},"author":1,"featured_media":1286,"parent":0,"menu_order":0,"comment_status":"closed","ping_status":"closed","template":"","meta":{"_acf_changed":false,"_seopress_robots_primary_cat":"","_seopress_titles_title":"Over ons - Camping La Venise de l'Ouest","_seopress_titles_desc":"Camping La Venise de l'Ouest in de pers! Lees alle artikelen over ons!","_seopress_robots_index":"","_vp_format_video_url":"","_vp_image_focal_point":[],"footnotes":""},"class_list":["post-1708","page","type-page","status-publish","has-post-thumbnail","hentry"],"acf":[],"_links":{"self":[{"href":"https:\/\/campinglavenisedelouest.com\/nl\/wp-json\/wp\/v2\/pages\/1708","targetHints":{"allow":["GET"]}}],"collection":[{"href":"https:\/\/campinglavenisedelouest.com\/nl\/wp-json\/wp\/v2\/pages"}],"about":[{"href":"https:\/\/campinglavenisedelouest.com\/nl\/wp-json\/wp\/v2\/types\/page"}],"author":[{"embeddable":true,"href":"https:\/\/campinglavenisedelouest.com\/nl\/wp-json\/wp\/v2\/users\/1"}],"replies":[{"embeddable":true,"href":"https:\/\/campinglavenisedelouest.com\/nl\/wp-json\/wp\/v2\/comments?post=1708"}],"version-history":[{"count":1,"href":"https:\/\/campinglavenisedelouest.com\/nl\/wp-json\/wp\/v2\/pages\/1708\/revisions"}],"predecessor-version":[{"id":1709,"href":"https:\/\/campinglavenisedelouest.com\/nl\/wp-json\/wp\/v2\/pages\/1708\/revisions\/1709"}],"wp:featuredmedia":[{"embeddable":true,"href":"https:\/\/campinglavenisedelouest.com\/nl\/wp-json\/wp\/v2\/media\/1286"}],"wp:attachment":[{"href":"https:\/\/campinglavenisedelouest.com\/nl\/wp-json\/wp\/v2\/media?parent=1708"}],"curies":[{"name":"wp","href":"https:\/\/api.w.org\/{rel}","templated":true}]}}